{"id":4791,"date":"2018-12-10T11:54:30","date_gmt":"2018-12-10T10:54:30","guid":{"rendered":"https:\/\/solymarhoteles.com\/?post_type=product&#038;p=4791"},"modified":"2019-03-15T17:43:54","modified_gmt":"2019-03-15T16:43:54","slug":"pasion-junto-al-mar","status":"publish","type":"product","link":"https:\/\/solymarhoteles.com\/ru\/producto\/pasion-junto-al-mar\/","title":{"rendered":"Pasi\u00f3n Junto Al Mar"},"content":{"rendered":"<p>La reserva y pago de estos productos no admite cancelaci\u00f3n. En ninguno de los casos se devolver\u00e1 el importe. Se podr\u00e1 disfrutar de este Pack cuando la reserva se realice c\u00f3mo m\u00ednimo 1 d\u00eda antes de la llegada al hotel. Para m\u00e1s informaci\u00f3n consulte en:<br \/>\nRecepci\u00f3n Gran Hotel Sol y Mar: <a href=\"tel:+34965839515\">(+34) 965 83 95 15<\/a>.<br \/>\nRecepci\u00f3n Suitopia \u00b7 Sol y Mar Suites Hotel: <a href=\"tel:+34865751111\">(+34) 865 751 111<\/a><\/p>\n","protected":false},"excerpt":{"rendered":"<p>Incluye:<\/p>\n<ul>\n<li>Juguete Er\u00f3tico Satisfyer<\/li>\n<\/ul>\n<p><strong>Informaci\u00f3n Adicional:<\/strong> El Pack Pasi\u00f3n Junto al Mar lo encontrar\u00e1 en su habitaci\u00f3n a la llegada. Incluye pilas.<\/p>\n","protected":false},"featured_media":4889,"template":"","meta":{"_et_pb_use_builder":"","_et_pb_old_content":"","_et_gb_content_width":""},"product_cat":[89],"product_tag":[],"yoast_head":"<!-- This site is optimized with the Yoast SEO plugin v16.7 - https:\/\/yoast.com\/wordpress\/plugins\/seo\/ -->\n<title>Pasi\u00f3n Junto Al Mar - ESTIMAR Hotels<\/title>\n<meta name=\"robots\" content=\"index, follow, max-snippet:-1, max-image-preview:large, max-video-preview:-1\" \/>\n<link rel=\"canonical\" href=\"https:\/\/solymarhoteles.com\/ru\/producto\/pasion-junto-al-mar\/\" \/>\n<meta property=\"og:locale\" content=\"ru_RU\" \/>\n<meta property=\"og:type\" content=\"article\" \/>\n<meta property=\"og:title\" content=\"Pasi\u00f3n Junto Al Mar - ESTIMAR Hotels\" \/>\n<meta property=\"og:description\" content=\"Incluye:   Juguete Er\u00f3tico Satisfyer  Informaci\u00f3n Adicional: El Pack Pasi\u00f3n Junto al Mar lo encontrar\u00e1 en su habitaci\u00f3n a la llegada. Incluye pilas.\" \/>\n<meta property=\"og:url\" content=\"https:\/\/solymarhoteles.com\/producto\/pasion-junto-al-mar\/\" \/>\n<meta property=\"og:site_name\" content=\"ESTIMAR Hotels\" \/>\n<meta property=\"article:modified_time\" content=\"2019-03-15T16:43:54+00:00\" \/>\n<meta property=\"og:image\" content=\"https:\/\/solymarhoteles.com\/wp-content\/uploads\/2018\/12\/Satisfyer.jpg\" \/>\n\t<meta property=\"og:image:width\" content=\"785\" \/>\n\t<meta property=\"og:image:height\" content=\"783\" \/>\n<meta name=\"twitter:card\" content=\"summary_large_image\" \/>\n<script type=\"application\/ld+json\" class=\"yoast-schema-graph\">{\"@context\":\"https:\/\/schema.org\",\"@graph\":[{\"@type\":\"WebSite\",\"@id\":\"https:\/\/solymarhoteles.com\/nl\/#website\",\"url\":\"https:\/\/solymarhoteles.com\/nl\/\",\"name\":\"ESTIMAR Hotels\",\"description\":\"El alojamiento perfecto en Calpe\",\"potentialAction\":[{\"@type\":\"SearchAction\",\"target\":{\"@type\":\"EntryPoint\",\"urlTemplate\":\"https:\/\/solymarhoteles.com\/nl\/?s={search_term_string}\"},\"query-input\":\"required name=search_term_string\"}],\"inLanguage\":\"ru-RU\"},{\"@type\":\"ImageObject\",\"@id\":\"https:\/\/solymarhoteles.com\/producto\/pasion-junto-al-mar\/#primaryimage\",\"inLanguage\":\"ru-RU\",\"url\":\"https:\/\/solymarhoteles.com\/wp-content\/uploads\/2018\/12\/Satisfyer.jpg\",\"contentUrl\":\"https:\/\/solymarhoteles.com\/wp-content\/uploads\/2018\/12\/Satisfyer.jpg\",\"width\":785,\"height\":783},{\"@type\":\"WebPage\",\"@id\":\"https:\/\/solymarhoteles.com\/producto\/pasion-junto-al-mar\/#webpage\",\"url\":\"https:\/\/solymarhoteles.com\/producto\/pasion-junto-al-mar\/\",\"name\":\"Pasi\\u00f3n Junto Al Mar - ESTIMAR Hotels\",\"isPartOf\":{\"@id\":\"https:\/\/solymarhoteles.com\/nl\/#website\"},\"primaryImageOfPage\":{\"@id\":\"https:\/\/solymarhoteles.com\/producto\/pasion-junto-al-mar\/#primaryimage\"},\"datePublished\":\"2018-12-10T10:54:30+00:00\",\"dateModified\":\"2019-03-15T16:43:54+00:00\",\"breadcrumb\":{\"@id\":\"https:\/\/solymarhoteles.com\/producto\/pasion-junto-al-mar\/#breadcrumb\"},\"inLanguage\":\"ru-RU\",\"potentialAction\":[{\"@type\":\"ReadAction\",\"target\":[\"https:\/\/solymarhoteles.com\/producto\/pasion-junto-al-mar\/\"]}]},{\"@type\":\"BreadcrumbList\",\"@id\":\"https:\/\/solymarhoteles.com\/producto\/pasion-junto-al-mar\/#breadcrumb\",\"itemListElement\":[{\"@type\":\"ListItem\",\"position\":1,\"name\":\"Portada\",\"item\":\"https:\/\/solymarhoteles.com\/\"},{\"@type\":\"ListItem\",\"position\":2,\"name\":\"Productos\",\"item\":\"https:\/\/solymarhoteles.com\/?page_id=659\"},{\"@type\":\"ListItem\",\"position\":3,\"name\":\"Pasi\\u00f3n Junto Al Mar\"}]}]}<\/script>\n<!-- \/ Yoast SEO plugin. -->","yoast_head_json":{"title":"Pasi\u00f3n Junto Al Mar - ESTIMAR Hotels","robots":{"index":"index","follow":"follow","max-snippet":"max-snippet:-1","max-image-preview":"max-image-preview:large","max-video-preview":"max-video-preview:-1"},"canonical":"https:\/\/solymarhoteles.com\/ru\/producto\/pasion-junto-al-mar\/","og_locale":"ru_RU","og_type":"article","og_title":"Pasi\u00f3n Junto Al Mar - ESTIMAR Hotels","og_description":"Incluye:   Juguete Er\u00f3tico Satisfyer  Informaci\u00f3n Adicional: El Pack Pasi\u00f3n Junto al Mar lo encontrar\u00e1 en su habitaci\u00f3n a la llegada. Incluye pilas.","og_url":"https:\/\/solymarhoteles.com\/producto\/pasion-junto-al-mar\/","og_site_name":"ESTIMAR Hotels","article_modified_time":"2019-03-15T16:43:54+00:00","og_image":[{"width":785,"height":783,"url":"https:\/\/solymarhoteles.com\/wp-content\/uploads\/2018\/12\/Satisfyer.jpg","path":"\/home\/solymarhotel\/public_html\/wp-content\/uploads\/2018\/12\/Satisfyer.jpg","size":"full","id":4889,"alt":"","pixels":614655,"type":"image\/jpeg"}],"twitter_card":"summary_large_image","schema":{"@context":"https:\/\/schema.org","@graph":[{"@type":"WebSite","@id":"https:\/\/solymarhoteles.com\/nl\/#website","url":"https:\/\/solymarhoteles.com\/nl\/","name":"ESTIMAR Hotels","description":"El alojamiento perfecto en Calpe","potentialAction":[{"@type":"SearchAction","target":{"@type":"EntryPoint","urlTemplate":"https:\/\/solymarhoteles.com\/nl\/?s={search_term_string}"},"query-input":"required name=search_term_string"}],"inLanguage":"ru-RU"},{"@type":"ImageObject","@id":"https:\/\/solymarhoteles.com\/producto\/pasion-junto-al-mar\/#primaryimage","inLanguage":"ru-RU","url":"https:\/\/solymarhoteles.com\/wp-content\/uploads\/2018\/12\/Satisfyer.jpg","contentUrl":"https:\/\/solymarhoteles.com\/wp-content\/uploads\/2018\/12\/Satisfyer.jpg","width":785,"height":783},{"@type":"WebPage","@id":"https:\/\/solymarhoteles.com\/producto\/pasion-junto-al-mar\/#webpage","url":"https:\/\/solymarhoteles.com\/producto\/pasion-junto-al-mar\/","name":"Pasi\u00f3n Junto Al Mar - ESTIMAR Hotels","isPartOf":{"@id":"https:\/\/solymarhoteles.com\/nl\/#website"},"primaryImageOfPage":{"@id":"https:\/\/solymarhoteles.com\/producto\/pasion-junto-al-mar\/#primaryimage"},"datePublished":"2018-12-10T10:54:30+00:00","dateModified":"2019-03-15T16:43:54+00:00","breadcrumb":{"@id":"https:\/\/solymarhoteles.com\/producto\/pasion-junto-al-mar\/#breadcrumb"},"inLanguage":"ru-RU","potentialAction":[{"@type":"ReadAction","target":["https:\/\/solymarhoteles.com\/producto\/pasion-junto-al-mar\/"]}]},{"@type":"BreadcrumbList","@id":"https:\/\/solymarhoteles.com\/producto\/pasion-junto-al-mar\/#breadcrumb","itemListElement":[{"@type":"ListItem","position":1,"name":"Portada","item":"https:\/\/solymarhoteles.com\/"},{"@type":"ListItem","position":2,"name":"Productos","item":"https:\/\/solymarhoteles.com\/?page_id=659"},{"@type":"ListItem","position":3,"name":"Pasi\u00f3n Junto Al Mar"}]}]}},"_links":{"self":[{"href":"https:\/\/solymarhoteles.com\/ru\/wp-json\/wp\/v2\/product\/4791"}],"collection":[{"href":"https:\/\/solymarhoteles.com\/ru\/wp-json\/wp\/v2\/product"}],"about":[{"href":"https:\/\/solymarhoteles.com\/ru\/wp-json\/wp\/v2\/types\/product"}],"wp:featuredmedia":[{"embeddable":true,"href":"https:\/\/solymarhoteles.com\/ru\/wp-json\/wp\/v2\/media\/4889"}],"wp:attachment":[{"href":"https:\/\/solymarhoteles.com\/ru\/wp-json\/wp\/v2\/media?parent=4791"}],"wp:term":[{"taxonomy":"product_cat","embeddable":true,"href":"https:\/\/solymarhoteles.com\/ru\/wp-json\/wp\/v2\/product_cat?post=4791"},{"taxonomy":"product_tag","embeddable":true,"href":"https:\/\/solymarhoteles.com\/ru\/wp-json\/wp\/v2\/product_tag?post=4791"}],"curies":[{"name":"wp","href":"https:\/\/api.w.org\/{rel}","templated":true}]}}