{"id":4787,"date":"2018-12-10T11:49:34","date_gmt":"2018-12-10T10:49:34","guid":{"rendered":"https:\/\/solymarhoteles.com\/?post_type=product&#038;p=4787"},"modified":"2019-02-28T15:54:57","modified_gmt":"2019-02-28T14:54:57","slug":"tropical-wellness-1-persona","status":"publish","type":"product","link":"https:\/\/solymarhoteles.com\/ru\/producto\/tropical-wellness-1-persona\/","title":{"rendered":"Tropical Wellness (1 persona)"},"content":{"rendered":"<p>La reserva y pago de estos productos no admite cancelaci\u00f3n. En ninguno de los casos se devolver\u00e1 el importe. Se podr\u00e1 disfrutar de este Pack dependiendo de la disponibilidad de cabina en las fechas de su estancia en el Spa Club. Para m\u00e1s informaci\u00f3n consulte en Spa Club By Gran Hotel Sol y Mar:<br \/>\n<a href=\"tel:+34965835140\">(+34) 96 583 51 40<\/a>.<br \/>\n<a href=\"tel:+34675097750\">(+34) 96 675 09 77 50<\/a>.<\/p>\n","protected":false},"excerpt":{"rendered":"<p>El tiempo para relajarte es cuando no tienes tiempo para ello. Incluye:<\/p>\n<ul>\n<li>Peeling<\/li>\n<li>Masaje Total con Lluvia Tropical (Ducha Vichy)<\/li>\n<\/ul>\n<p><strong>Duraci\u00f3n:<\/strong> 45minutos<\/p>\n<p><strong>Informaci\u00f3n Adicional:<\/strong> El Pack Especial Tropical Wellness se disfrutar\u00e1 en el Spa Club de Gran Hotel Sol y Mar.<\/p>\n","protected":false},"featured_media":4905,"template":"","meta":{"_et_pb_use_builder":"","_et_pb_old_content":"","_et_gb_content_width":""},"product_cat":[89],"product_tag":[],"yoast_head":"<!-- This site is optimized with the Yoast SEO plugin v16.7 - https:\/\/yoast.com\/wordpress\/plugins\/seo\/ -->\n<title>Tropical Wellness (1 persona) - ESTIMAR Hotels<\/title>\n<meta name=\"robots\" content=\"index, follow, max-snippet:-1, max-image-preview:large, max-video-preview:-1\" \/>\n<link rel=\"canonical\" href=\"https:\/\/solymarhoteles.com\/ru\/producto\/tropical-wellness-1-persona\/\" \/>\n<meta property=\"og:locale\" content=\"ru_RU\" \/>\n<meta property=\"og:type\" content=\"article\" \/>\n<meta property=\"og:title\" content=\"Tropical Wellness (1 persona) - ESTIMAR Hotels\" \/>\n<meta property=\"og:description\" content=\"El tiempo para relajarte es cuando no tienes tiempo para ello. Incluye:   Peeling  Masaje Total con Lluvia Tropical (Ducha Vichy)  Duraci\u00f3n: 45minutos  Informaci\u00f3n Adicional: El Pack Especial Tropical Wellness se disfrutar\u00e1 en el Spa Club de Gran Hotel Sol y Mar.\" \/>\n<meta property=\"og:url\" content=\"https:\/\/solymarhoteles.com\/producto\/tropical-wellness-1-persona\/\" \/>\n<meta property=\"og:site_name\" content=\"ESTIMAR Hotels\" \/>\n<meta property=\"article:modified_time\" content=\"2019-02-28T14:54:57+00:00\" \/>\n<meta property=\"og:image\" content=\"https:\/\/solymarhoteles.com\/wp-content\/uploads\/2018\/12\/Tropical-Wellness-1.jpg\" \/>\n\t<meta property=\"og:image:width\" content=\"771\" \/>\n\t<meta property=\"og:image:height\" content=\"773\" \/>\n<meta name=\"twitter:card\" content=\"summary_large_image\" \/>\n<script type=\"application\/ld+json\" class=\"yoast-schema-graph\">{\"@context\":\"https:\/\/schema.org\",\"@graph\":[{\"@type\":\"WebSite\",\"@id\":\"https:\/\/solymarhoteles.com\/nl\/#website\",\"url\":\"https:\/\/solymarhoteles.com\/nl\/\",\"name\":\"ESTIMAR Hotels\",\"description\":\"El alojamiento perfecto en Calpe\",\"potentialAction\":[{\"@type\":\"SearchAction\",\"target\":{\"@type\":\"EntryPoint\",\"urlTemplate\":\"https:\/\/solymarhoteles.com\/nl\/?s={search_term_string}\"},\"query-input\":\"required name=search_term_string\"}],\"inLanguage\":\"ru-RU\"},{\"@type\":\"ImageObject\",\"@id\":\"https:\/\/solymarhoteles.com\/producto\/tropical-wellness-1-persona\/#primaryimage\",\"inLanguage\":\"ru-RU\",\"url\":\"https:\/\/solymarhoteles.com\/wp-content\/uploads\/2018\/12\/Tropical-Wellness-1.jpg\",\"contentUrl\":\"https:\/\/solymarhoteles.com\/wp-content\/uploads\/2018\/12\/Tropical-Wellness-1.jpg\",\"width\":771,\"height\":773},{\"@type\":\"WebPage\",\"@id\":\"https:\/\/solymarhoteles.com\/producto\/tropical-wellness-1-persona\/#webpage\",\"url\":\"https:\/\/solymarhoteles.com\/producto\/tropical-wellness-1-persona\/\",\"name\":\"Tropical Wellness (1 persona) - ESTIMAR Hotels\",\"isPartOf\":{\"@id\":\"https:\/\/solymarhoteles.com\/nl\/#website\"},\"primaryImageOfPage\":{\"@id\":\"https:\/\/solymarhoteles.com\/producto\/tropical-wellness-1-persona\/#primaryimage\"},\"datePublished\":\"2018-12-10T10:49:34+00:00\",\"dateModified\":\"2019-02-28T14:54:57+00:00\",\"breadcrumb\":{\"@id\":\"https:\/\/solymarhoteles.com\/producto\/tropical-wellness-1-persona\/#breadcrumb\"},\"inLanguage\":\"ru-RU\",\"potentialAction\":[{\"@type\":\"ReadAction\",\"target\":[\"https:\/\/solymarhoteles.com\/producto\/tropical-wellness-1-persona\/\"]}]},{\"@type\":\"BreadcrumbList\",\"@id\":\"https:\/\/solymarhoteles.com\/producto\/tropical-wellness-1-persona\/#breadcrumb\",\"itemListElement\":[{\"@type\":\"ListItem\",\"position\":1,\"name\":\"Portada\",\"item\":\"https:\/\/solymarhoteles.com\/\"},{\"@type\":\"ListItem\",\"position\":2,\"name\":\"Productos\",\"item\":\"https:\/\/solymarhoteles.com\/?page_id=659\"},{\"@type\":\"ListItem\",\"position\":3,\"name\":\"Tropical Wellness (1 persona)\"}]}]}<\/script>\n<!-- \/ Yoast SEO plugin. -->","yoast_head_json":{"title":"Tropical Wellness (1 persona) - ESTIMAR Hotels","robots":{"index":"index","follow":"follow","max-snippet":"max-snippet:-1","max-image-preview":"max-image-preview:large","max-video-preview":"max-video-preview:-1"},"canonical":"https:\/\/solymarhoteles.com\/ru\/producto\/tropical-wellness-1-persona\/","og_locale":"ru_RU","og_type":"article","og_title":"Tropical Wellness (1 persona) - ESTIMAR Hotels","og_description":"El tiempo para relajarte es cuando no tienes tiempo para ello. Incluye:   Peeling  Masaje Total con Lluvia Tropical (Ducha Vichy)  Duraci\u00f3n: 45minutos  Informaci\u00f3n Adicional: El Pack Especial Tropical Wellness se disfrutar\u00e1 en el Spa Club de Gran Hotel Sol y Mar.","og_url":"https:\/\/solymarhoteles.com\/producto\/tropical-wellness-1-persona\/","og_site_name":"ESTIMAR Hotels","article_modified_time":"2019-02-28T14:54:57+00:00","og_image":[{"width":771,"height":773,"url":"https:\/\/solymarhoteles.com\/wp-content\/uploads\/2018\/12\/Tropical-Wellness-1.jpg","path":"\/home\/solymarhotel\/public_html\/wp-content\/uploads\/2018\/12\/Tropical-Wellness-1.jpg","size":"full","id":4905,"alt":"","pixels":595983,"type":"image\/jpeg"}],"twitter_card":"summary_large_image","schema":{"@context":"https:\/\/schema.org","@graph":[{"@type":"WebSite","@id":"https:\/\/solymarhoteles.com\/nl\/#website","url":"https:\/\/solymarhoteles.com\/nl\/","name":"ESTIMAR Hotels","description":"El alojamiento perfecto en Calpe","potentialAction":[{"@type":"SearchAction","target":{"@type":"EntryPoint","urlTemplate":"https:\/\/solymarhoteles.com\/nl\/?s={search_term_string}"},"query-input":"required name=search_term_string"}],"inLanguage":"ru-RU"},{"@type":"ImageObject","@id":"https:\/\/solymarhoteles.com\/producto\/tropical-wellness-1-persona\/#primaryimage","inLanguage":"ru-RU","url":"https:\/\/solymarhoteles.com\/wp-content\/uploads\/2018\/12\/Tropical-Wellness-1.jpg","contentUrl":"https:\/\/solymarhoteles.com\/wp-content\/uploads\/2018\/12\/Tropical-Wellness-1.jpg","width":771,"height":773},{"@type":"WebPage","@id":"https:\/\/solymarhoteles.com\/producto\/tropical-wellness-1-persona\/#webpage","url":"https:\/\/solymarhoteles.com\/producto\/tropical-wellness-1-persona\/","name":"Tropical Wellness (1 persona) - ESTIMAR Hotels","isPartOf":{"@id":"https:\/\/solymarhoteles.com\/nl\/#website"},"primaryImageOfPage":{"@id":"https:\/\/solymarhoteles.com\/producto\/tropical-wellness-1-persona\/#primaryimage"},"datePublished":"2018-12-10T10:49:34+00:00","dateModified":"2019-02-28T14:54:57+00:00","breadcrumb":{"@id":"https:\/\/solymarhoteles.com\/producto\/tropical-wellness-1-persona\/#breadcrumb"},"inLanguage":"ru-RU","potentialAction":[{"@type":"ReadAction","target":["https:\/\/solymarhoteles.com\/producto\/tropical-wellness-1-persona\/"]}]},{"@type":"BreadcrumbList","@id":"https:\/\/solymarhoteles.com\/producto\/tropical-wellness-1-persona\/#breadcrumb","itemListElement":[{"@type":"ListItem","position":1,"name":"Portada","item":"https:\/\/solymarhoteles.com\/"},{"@type":"ListItem","position":2,"name":"Productos","item":"https:\/\/solymarhoteles.com\/?page_id=659"},{"@type":"ListItem","position":3,"name":"Tropical Wellness (1 persona)"}]}]}},"_links":{"self":[{"href":"https:\/\/solymarhoteles.com\/ru\/wp-json\/wp\/v2\/product\/4787"}],"collection":[{"href":"https:\/\/solymarhoteles.com\/ru\/wp-json\/wp\/v2\/product"}],"about":[{"href":"https:\/\/solymarhoteles.com\/ru\/wp-json\/wp\/v2\/types\/product"}],"wp:featuredmedia":[{"embeddable":true,"href":"https:\/\/solymarhoteles.com\/ru\/wp-json\/wp\/v2\/media\/4905"}],"wp:attachment":[{"href":"https:\/\/solymarhoteles.com\/ru\/wp-json\/wp\/v2\/media?parent=4787"}],"wp:term":[{"taxonomy":"product_cat","embeddable":true,"href":"https:\/\/solymarhoteles.com\/ru\/wp-json\/wp\/v2\/product_cat?post=4787"},{"taxonomy":"product_tag","embeddable":true,"href":"https:\/\/solymarhoteles.com\/ru\/wp-json\/wp\/v2\/product_tag?post=4787"}],"curies":[{"name":"wp","href":"https:\/\/api.w.org\/{rel}","templated":true}]}}