{"id":4721,"date":"2018-12-10T11:44:39","date_gmt":"2018-12-10T10:44:39","guid":{"rendered":"https:\/\/solymarhoteles.com\/?post_type=product&#038;p=4721"},"modified":"2019-02-28T15:57:24","modified_gmt":"2019-02-28T14:57:24","slug":"healthy-mini-bar-pack","status":"publish","type":"product","link":"https:\/\/solymarhoteles.com\/ru\/producto\/healthy-mini-bar-pack\/","title":{"rendered":"Healthy Mini Bar Pack"},"content":{"rendered":"<p>La reserva y pago de estos productos no admite cancelaci\u00f3n. En ninguno de los casos se devolver\u00e1 el importe. Se podr\u00e1 disfrutar de este Pack cuando la reserva se realice c\u00f3mo m\u00ednimo 2 d\u00edas antes de la llegada al hotel. Este servicio puede verse alterado por d\u00edas festivos y puentes. Para m\u00e1s informaci\u00f3n consulte en<br \/>\nRecepci\u00f3n Gran Hotel Sol y Mar: <a href=\"tel:+34965839515\">(+34) 965 83 95 15<\/a>.<br \/>\nRecepci\u00f3n Suitopia \u00b7 Sol y Mar Suites Hotel: <a href=\"tel:+34865751111\">(+34) 865 751 111<\/a><\/p>\n","protected":false},"excerpt":{"rendered":"<p>Queremos que disfrute de su tiempo con nosotros, as\u00ed que le ofrecemos estos Extras para su estancia.<\/p>\n<p>Healthy Mini Bar Pack<br \/>\n\u00a1Ni en vacaciones queremos perder la l\u00ednea!<\/p>\n<p>Incluye:<\/p>\n<ul>\n<li>Aloe Vera Drink<\/li>\n<li>Aloe Vera Drink Pi\u00f1a<\/li>\n<li>Powerade Citrus<\/li>\n<li>Dream T\u00e9 Manzana<\/li>\n<li>Dream T\u00e9 Passion Fruit<\/li>\n<li>Barrita Quinoa Frutos Secos<\/li>\n<li>Natwins Barritas Lino Te<\/li>\n<li>Natwins Barritas Granada<\/li>\n<li>Barrita Proteina Choco<\/li>\n<li>Bandeja Fruta (6 piezas: 2 naranjas, 2 manzanas, 2 pl\u00e1tanos)<\/li>\n<\/ul>\n<p><strong>Informaci\u00f3n Adicional:<\/strong> Este Pack lo encontrar\u00e1 en el minibar de su habitaci\u00f3n a la llegada. Ofrecemos m\u00e1s tipos de packs para su MiniBar. Consulte a su llegada en Recepci\u00f3n.<\/p>\n","protected":false},"featured_media":4921,"template":"","meta":{"_et_pb_use_builder":"","_et_pb_old_content":"","_et_gb_content_width":""},"product_cat":[89],"product_tag":[],"yoast_head":"<!-- This site is optimized with the Yoast SEO plugin v16.7 - https:\/\/yoast.com\/wordpress\/plugins\/seo\/ -->\n<title>Healthy Mini Bar Pack - ESTIMAR Hotels<\/title>\n<meta name=\"robots\" content=\"index, follow, max-snippet:-1, max-image-preview:large, max-video-preview:-1\" \/>\n<link rel=\"canonical\" href=\"https:\/\/solymarhoteles.com\/ru\/producto\/healthy-mini-bar-pack\/\" \/>\n<meta property=\"og:locale\" content=\"ru_RU\" \/>\n<meta property=\"og:type\" content=\"article\" \/>\n<meta property=\"og:title\" content=\"Healthy Mini Bar Pack - ESTIMAR Hotels\" \/>\n<meta property=\"og:description\" content=\"Queremos que disfrute de su tiempo con nosotros, as\u00ed que le ofrecemos estos Extras para su estancia.  Healthy Mini Bar Pack \u00a1Ni en vacaciones queremos perder la l\u00ednea!  Incluye:   Aloe Vera Drink  Aloe Vera Drink Pi\u00f1a  Powerade Citrus  Dream T\u00e9 Manzana  Dream T\u00e9 Passion Fruit  Barrita Quinoa Frutos Secos  Natwins Barritas Lino Te  Natwins Barritas Granada  Barrita Proteina Choco  Bandeja Fruta (6 piezas: 2 naranjas, 2 manzanas, 2 pl\u00e1tanos)  Informaci\u00f3n Adicional: Este Pack lo encontrar\u00e1 en el minibar de su habitaci\u00f3n a la llegada. Ofrecemos m\u00e1s tipos de packs para su MiniBar. Consulte a su llegada en Recepci\u00f3n.\" \/>\n<meta property=\"og:url\" content=\"https:\/\/solymarhoteles.com\/producto\/healthy-mini-bar-pack\/\" \/>\n<meta property=\"og:site_name\" content=\"ESTIMAR Hotels\" \/>\n<meta property=\"article:modified_time\" content=\"2019-02-28T14:57:24+00:00\" \/>\n<meta property=\"og:image\" content=\"https:\/\/solymarhoteles.com\/wp-content\/uploads\/2018\/12\/Healthy-Mini-Bar-Pack.jpg\" \/>\n\t<meta property=\"og:image:width\" content=\"779\" \/>\n\t<meta property=\"og:image:height\" content=\"767\" \/>\n<meta name=\"twitter:card\" content=\"summary_large_image\" \/>\n<script type=\"application\/ld+json\" class=\"yoast-schema-graph\">{\"@context\":\"https:\/\/schema.org\",\"@graph\":[{\"@type\":\"WebSite\",\"@id\":\"https:\/\/solymarhoteles.com\/nl\/#website\",\"url\":\"https:\/\/solymarhoteles.com\/nl\/\",\"name\":\"ESTIMAR Hotels\",\"description\":\"El alojamiento perfecto en Calpe\",\"potentialAction\":[{\"@type\":\"SearchAction\",\"target\":{\"@type\":\"EntryPoint\",\"urlTemplate\":\"https:\/\/solymarhoteles.com\/nl\/?s={search_term_string}\"},\"query-input\":\"required name=search_term_string\"}],\"inLanguage\":\"ru-RU\"},{\"@type\":\"ImageObject\",\"@id\":\"https:\/\/solymarhoteles.com\/producto\/healthy-mini-bar-pack\/#primaryimage\",\"inLanguage\":\"ru-RU\",\"url\":\"https:\/\/solymarhoteles.com\/wp-content\/uploads\/2018\/12\/Healthy-Mini-Bar-Pack.jpg\",\"contentUrl\":\"https:\/\/solymarhoteles.com\/wp-content\/uploads\/2018\/12\/Healthy-Mini-Bar-Pack.jpg\",\"width\":779,\"height\":767},{\"@type\":\"WebPage\",\"@id\":\"https:\/\/solymarhoteles.com\/producto\/healthy-mini-bar-pack\/#webpage\",\"url\":\"https:\/\/solymarhoteles.com\/producto\/healthy-mini-bar-pack\/\",\"name\":\"Healthy Mini Bar Pack - ESTIMAR Hotels\",\"isPartOf\":{\"@id\":\"https:\/\/solymarhoteles.com\/nl\/#website\"},\"primaryImageOfPage\":{\"@id\":\"https:\/\/solymarhoteles.com\/producto\/healthy-mini-bar-pack\/#primaryimage\"},\"datePublished\":\"2018-12-10T10:44:39+00:00\",\"dateModified\":\"2019-02-28T14:57:24+00:00\",\"breadcrumb\":{\"@id\":\"https:\/\/solymarhoteles.com\/producto\/healthy-mini-bar-pack\/#breadcrumb\"},\"inLanguage\":\"ru-RU\",\"potentialAction\":[{\"@type\":\"ReadAction\",\"target\":[\"https:\/\/solymarhoteles.com\/producto\/healthy-mini-bar-pack\/\"]}]},{\"@type\":\"BreadcrumbList\",\"@id\":\"https:\/\/solymarhoteles.com\/producto\/healthy-mini-bar-pack\/#breadcrumb\",\"itemListElement\":[{\"@type\":\"ListItem\",\"position\":1,\"name\":\"Portada\",\"item\":\"https:\/\/solymarhoteles.com\/\"},{\"@type\":\"ListItem\",\"position\":2,\"name\":\"Productos\",\"item\":\"https:\/\/solymarhoteles.com\/?page_id=659\"},{\"@type\":\"ListItem\",\"position\":3,\"name\":\"Healthy Mini Bar Pack\"}]}]}<\/script>\n<!-- \/ Yoast SEO plugin. -->","yoast_head_json":{"title":"Healthy Mini Bar Pack - ESTIMAR Hotels","robots":{"index":"index","follow":"follow","max-snippet":"max-snippet:-1","max-image-preview":"max-image-preview:large","max-video-preview":"max-video-preview:-1"},"canonical":"https:\/\/solymarhoteles.com\/ru\/producto\/healthy-mini-bar-pack\/","og_locale":"ru_RU","og_type":"article","og_title":"Healthy Mini Bar Pack - ESTIMAR Hotels","og_description":"Queremos que disfrute de su tiempo con nosotros, as\u00ed que le ofrecemos estos Extras para su estancia.  Healthy Mini Bar Pack \u00a1Ni en vacaciones queremos perder la l\u00ednea!  Incluye:   Aloe Vera Drink  Aloe Vera Drink Pi\u00f1a  Powerade Citrus  Dream T\u00e9 Manzana  Dream T\u00e9 Passion Fruit  Barrita Quinoa Frutos Secos  Natwins Barritas Lino Te  Natwins Barritas Granada  Barrita Proteina Choco  Bandeja Fruta (6 piezas: 2 naranjas, 2 manzanas, 2 pl\u00e1tanos)  Informaci\u00f3n Adicional: Este Pack lo encontrar\u00e1 en el minibar de su habitaci\u00f3n a la llegada. Ofrecemos m\u00e1s tipos de packs para su MiniBar. Consulte a su llegada en Recepci\u00f3n.","og_url":"https:\/\/solymarhoteles.com\/producto\/healthy-mini-bar-pack\/","og_site_name":"ESTIMAR Hotels","article_modified_time":"2019-02-28T14:57:24+00:00","og_image":[{"width":779,"height":767,"url":"https:\/\/solymarhoteles.com\/wp-content\/uploads\/2018\/12\/Healthy-Mini-Bar-Pack.jpg","path":"\/home\/solymarhotel\/public_html\/wp-content\/uploads\/2018\/12\/Healthy-Mini-Bar-Pack.jpg","size":"full","id":4921,"alt":"","pixels":597493,"type":"image\/jpeg"}],"twitter_card":"summary_large_image","schema":{"@context":"https:\/\/schema.org","@graph":[{"@type":"WebSite","@id":"https:\/\/solymarhoteles.com\/nl\/#website","url":"https:\/\/solymarhoteles.com\/nl\/","name":"ESTIMAR Hotels","description":"El alojamiento perfecto en Calpe","potentialAction":[{"@type":"SearchAction","target":{"@type":"EntryPoint","urlTemplate":"https:\/\/solymarhoteles.com\/nl\/?s={search_term_string}"},"query-input":"required name=search_term_string"}],"inLanguage":"ru-RU"},{"@type":"ImageObject","@id":"https:\/\/solymarhoteles.com\/producto\/healthy-mini-bar-pack\/#primaryimage","inLanguage":"ru-RU","url":"https:\/\/solymarhoteles.com\/wp-content\/uploads\/2018\/12\/Healthy-Mini-Bar-Pack.jpg","contentUrl":"https:\/\/solymarhoteles.com\/wp-content\/uploads\/2018\/12\/Healthy-Mini-Bar-Pack.jpg","width":779,"height":767},{"@type":"WebPage","@id":"https:\/\/solymarhoteles.com\/producto\/healthy-mini-bar-pack\/#webpage","url":"https:\/\/solymarhoteles.com\/producto\/healthy-mini-bar-pack\/","name":"Healthy Mini Bar Pack - ESTIMAR Hotels","isPartOf":{"@id":"https:\/\/solymarhoteles.com\/nl\/#website"},"primaryImageOfPage":{"@id":"https:\/\/solymarhoteles.com\/producto\/healthy-mini-bar-pack\/#primaryimage"},"datePublished":"2018-12-10T10:44:39+00:00","dateModified":"2019-02-28T14:57:24+00:00","breadcrumb":{"@id":"https:\/\/solymarhoteles.com\/producto\/healthy-mini-bar-pack\/#breadcrumb"},"inLanguage":"ru-RU","potentialAction":[{"@type":"ReadAction","target":["https:\/\/solymarhoteles.com\/producto\/healthy-mini-bar-pack\/"]}]},{"@type":"BreadcrumbList","@id":"https:\/\/solymarhoteles.com\/producto\/healthy-mini-bar-pack\/#breadcrumb","itemListElement":[{"@type":"ListItem","position":1,"name":"Portada","item":"https:\/\/solymarhoteles.com\/"},{"@type":"ListItem","position":2,"name":"Productos","item":"https:\/\/solymarhoteles.com\/?page_id=659"},{"@type":"ListItem","position":3,"name":"Healthy Mini Bar Pack"}]}]}},"_links":{"self":[{"href":"https:\/\/solymarhoteles.com\/ru\/wp-json\/wp\/v2\/product\/4721"}],"collection":[{"href":"https:\/\/solymarhoteles.com\/ru\/wp-json\/wp\/v2\/product"}],"about":[{"href":"https:\/\/solymarhoteles.com\/ru\/wp-json\/wp\/v2\/types\/product"}],"wp:featuredmedia":[{"embeddable":true,"href":"https:\/\/solymarhoteles.com\/ru\/wp-json\/wp\/v2\/media\/4921"}],"wp:attachment":[{"href":"https:\/\/solymarhoteles.com\/ru\/wp-json\/wp\/v2\/media?parent=4721"}],"wp:term":[{"taxonomy":"product_cat","embeddable":true,"href":"https:\/\/solymarhoteles.com\/ru\/wp-json\/wp\/v2\/product_cat?post=4721"},{"taxonomy":"product_tag","embeddable":true,"href":"https:\/\/solymarhoteles.com\/ru\/wp-json\/wp\/v2\/product_tag?post=4721"}],"curies":[{"name":"wp","href":"https:\/\/api.w.org\/{rel}","templated":true}]}}