{"id":4788,"date":"2018-12-10T11:50:38","date_gmt":"2018-12-10T10:50:38","guid":{"rendered":"https:\/\/solymarhoteles.com\/?post_type=product&#038;p=4788"},"modified":"2020-10-23T10:12:56","modified_gmt":"2020-10-23T09:12:56","slug":"eterno-mediterraneo-2-personas","status":"publish","type":"product","link":"https:\/\/solymarhoteles.com\/de\/producto\/eterno-mediterraneo-2-personas\/","title":{"rendered":"Eterno Mediterr\u00e1neo (2 personas)"},"content":{"rendered":"<p>La reserva y pago de estos productos no admite cancelaci\u00f3n. En ninguno de los casos se devolver\u00e1 el importe. Se podr\u00e1 disfrutar de este Pack dependiendo de la disponibilidad de cabina en las fechas de su estancia en el Spa Club. Para m\u00e1s informaci\u00f3n consulte en Spa Club By Gran Hotel Sol y Mar:<br \/>\n<a href=\"tel:+34965835140\">(+34) 96 583 51 40<\/a><br \/>\n<a href=\"tel:+34675097750\">(+34) 675 09 77 50<\/a><\/p>\n","protected":false},"excerpt":{"rendered":"<p>Masaje relajante con aceites esenciales. Mejora tu circulaci\u00f3n, fortalece el tejido conectivo, nutre, hidrata la piel e ind\u00facete a la relajaci\u00f3n. Incluye:<\/p>\n<ul>\n<li>Masaje Corporal<\/li>\n<\/ul>\n<p><strong>Duraci\u00f3n:<\/strong> 50minutos<\/p>\n<p><strong>Informaci\u00f3n Adicional:<\/strong> El Pack Especial Eterno Mediterr\u00e1neo se disfrutar\u00e1 en el Spa Club de Gran Hotel Sol y Mar en cabinas separadas.<\/p>\n","protected":false},"featured_media":4897,"template":"","meta":{"_et_pb_use_builder":"","_et_pb_old_content":"","_et_gb_content_width":""},"product_cat":[89],"product_tag":[],"yoast_head":"<!-- This site is optimized with the Yoast SEO plugin v16.7 - https:\/\/yoast.com\/wordpress\/plugins\/seo\/ -->\n<title>Eterno Mediterr\u00e1neo (2 personas) - ESTIMAR Hotels<\/title>\n<meta name=\"robots\" content=\"index, follow, max-snippet:-1, max-image-preview:large, max-video-preview:-1\" \/>\n<link rel=\"canonical\" href=\"https:\/\/solymarhoteles.com\/de\/producto\/eterno-mediterraneo-2-personas\/\" \/>\n<meta property=\"og:locale\" content=\"de_DE\" \/>\n<meta property=\"og:type\" content=\"article\" \/>\n<meta property=\"og:title\" content=\"Eterno Mediterr\u00e1neo (2 personas) - ESTIMAR Hotels\" \/>\n<meta property=\"og:description\" content=\"Masaje relajante con aceites esenciales. Mejora tu circulaci\u00f3n, fortalece el tejido conectivo, nutre, hidrata la piel e ind\u00facete a la relajaci\u00f3n. Incluye:   Masaje Corporal  Duraci\u00f3n: 50minutos  Informaci\u00f3n Adicional: El Pack Especial Eterno Mediterr\u00e1neo se disfrutar\u00e1 en el Spa Club de Gran Hotel Sol y Mar en cabinas separadas.\" \/>\n<meta property=\"og:url\" content=\"https:\/\/solymarhoteles.com\/producto\/eterno-mediterraneo-2-personas\/\" \/>\n<meta property=\"og:site_name\" content=\"ESTIMAR Hotels\" \/>\n<meta property=\"article:modified_time\" content=\"2020-10-23T09:12:56+00:00\" \/>\n<meta property=\"og:image\" content=\"https:\/\/solymarhoteles.com\/wp-content\/uploads\/2018\/12\/Eterno-Mediterr\u00e1neo-1.jpg\" \/>\n\t<meta property=\"og:image:width\" content=\"785\" \/>\n\t<meta property=\"og:image:height\" content=\"783\" \/>\n<meta name=\"twitter:card\" content=\"summary_large_image\" \/>\n<script type=\"application\/ld+json\" class=\"yoast-schema-graph\">{\"@context\":\"https:\/\/schema.org\",\"@graph\":[{\"@type\":\"WebSite\",\"@id\":\"https:\/\/solymarhoteles.com\/nl\/#website\",\"url\":\"https:\/\/solymarhoteles.com\/nl\/\",\"name\":\"ESTIMAR Hotels\",\"description\":\"El alojamiento perfecto en Calpe\",\"potentialAction\":[{\"@type\":\"SearchAction\",\"target\":{\"@type\":\"EntryPoint\",\"urlTemplate\":\"https:\/\/solymarhoteles.com\/nl\/?s={search_term_string}\"},\"query-input\":\"required name=search_term_string\"}],\"inLanguage\":\"de-DE\"},{\"@type\":\"ImageObject\",\"@id\":\"https:\/\/solymarhoteles.com\/producto\/eterno-mediterraneo-2-personas\/#primaryimage\",\"inLanguage\":\"de-DE\",\"url\":\"https:\/\/solymarhoteles.com\/wp-content\/uploads\/2018\/12\/Eterno-Mediterr\\u00e1neo-1.jpg\",\"contentUrl\":\"https:\/\/solymarhoteles.com\/wp-content\/uploads\/2018\/12\/Eterno-Mediterr\\u00e1neo-1.jpg\",\"width\":785,\"height\":783},{\"@type\":\"WebPage\",\"@id\":\"https:\/\/solymarhoteles.com\/producto\/eterno-mediterraneo-2-personas\/#webpage\",\"url\":\"https:\/\/solymarhoteles.com\/producto\/eterno-mediterraneo-2-personas\/\",\"name\":\"Eterno Mediterr\\u00e1neo (2 personas) - ESTIMAR Hotels\",\"isPartOf\":{\"@id\":\"https:\/\/solymarhoteles.com\/nl\/#website\"},\"primaryImageOfPage\":{\"@id\":\"https:\/\/solymarhoteles.com\/producto\/eterno-mediterraneo-2-personas\/#primaryimage\"},\"datePublished\":\"2018-12-10T10:50:38+00:00\",\"dateModified\":\"2020-10-23T09:12:56+00:00\",\"breadcrumb\":{\"@id\":\"https:\/\/solymarhoteles.com\/producto\/eterno-mediterraneo-2-personas\/#breadcrumb\"},\"inLanguage\":\"de-DE\",\"potentialAction\":[{\"@type\":\"ReadAction\",\"target\":[\"https:\/\/solymarhoteles.com\/producto\/eterno-mediterraneo-2-personas\/\"]}]},{\"@type\":\"BreadcrumbList\",\"@id\":\"https:\/\/solymarhoteles.com\/producto\/eterno-mediterraneo-2-personas\/#breadcrumb\",\"itemListElement\":[{\"@type\":\"ListItem\",\"position\":1,\"name\":\"Portada\",\"item\":\"https:\/\/solymarhoteles.com\/\"},{\"@type\":\"ListItem\",\"position\":2,\"name\":\"Productos\",\"item\":\"https:\/\/solymarhoteles.com\/?page_id=659\"},{\"@type\":\"ListItem\",\"position\":3,\"name\":\"Eterno Mediterr\\u00e1neo (2 personas)\"}]}]}<\/script>\n<!-- \/ Yoast SEO plugin. -->","yoast_head_json":{"title":"Eterno Mediterr\u00e1neo (2 personas) - ESTIMAR Hotels","robots":{"index":"index","follow":"follow","max-snippet":"max-snippet:-1","max-image-preview":"max-image-preview:large","max-video-preview":"max-video-preview:-1"},"canonical":"https:\/\/solymarhoteles.com\/de\/producto\/eterno-mediterraneo-2-personas\/","og_locale":"de_DE","og_type":"article","og_title":"Eterno Mediterr\u00e1neo (2 personas) - ESTIMAR Hotels","og_description":"Masaje relajante con aceites esenciales. Mejora tu circulaci\u00f3n, fortalece el tejido conectivo, nutre, hidrata la piel e ind\u00facete a la relajaci\u00f3n. Incluye:   Masaje Corporal  Duraci\u00f3n: 50minutos  Informaci\u00f3n Adicional: El Pack Especial Eterno Mediterr\u00e1neo se disfrutar\u00e1 en el Spa Club de Gran Hotel Sol y Mar en cabinas separadas.","og_url":"https:\/\/solymarhoteles.com\/producto\/eterno-mediterraneo-2-personas\/","og_site_name":"ESTIMAR Hotels","article_modified_time":"2020-10-23T09:12:56+00:00","og_image":[{"width":785,"height":783,"url":"https:\/\/solymarhoteles.com\/wp-content\/uploads\/2018\/12\/Eterno-Mediterr\u00e1neo-1.jpg","path":"\/home\/solymarhotel\/public_html\/wp-content\/uploads\/2018\/12\/Eterno-Mediterr\u00e1neo-1.jpg","size":"full","id":4897,"alt":"","pixels":614655,"type":"image\/jpeg"}],"twitter_card":"summary_large_image","schema":{"@context":"https:\/\/schema.org","@graph":[{"@type":"WebSite","@id":"https:\/\/solymarhoteles.com\/nl\/#website","url":"https:\/\/solymarhoteles.com\/nl\/","name":"ESTIMAR Hotels","description":"El alojamiento perfecto en Calpe","potentialAction":[{"@type":"SearchAction","target":{"@type":"EntryPoint","urlTemplate":"https:\/\/solymarhoteles.com\/nl\/?s={search_term_string}"},"query-input":"required name=search_term_string"}],"inLanguage":"de-DE"},{"@type":"ImageObject","@id":"https:\/\/solymarhoteles.com\/producto\/eterno-mediterraneo-2-personas\/#primaryimage","inLanguage":"de-DE","url":"https:\/\/solymarhoteles.com\/wp-content\/uploads\/2018\/12\/Eterno-Mediterr\u00e1neo-1.jpg","contentUrl":"https:\/\/solymarhoteles.com\/wp-content\/uploads\/2018\/12\/Eterno-Mediterr\u00e1neo-1.jpg","width":785,"height":783},{"@type":"WebPage","@id":"https:\/\/solymarhoteles.com\/producto\/eterno-mediterraneo-2-personas\/#webpage","url":"https:\/\/solymarhoteles.com\/producto\/eterno-mediterraneo-2-personas\/","name":"Eterno Mediterr\u00e1neo (2 personas) - ESTIMAR Hotels","isPartOf":{"@id":"https:\/\/solymarhoteles.com\/nl\/#website"},"primaryImageOfPage":{"@id":"https:\/\/solymarhoteles.com\/producto\/eterno-mediterraneo-2-personas\/#primaryimage"},"datePublished":"2018-12-10T10:50:38+00:00","dateModified":"2020-10-23T09:12:56+00:00","breadcrumb":{"@id":"https:\/\/solymarhoteles.com\/producto\/eterno-mediterraneo-2-personas\/#breadcrumb"},"inLanguage":"de-DE","potentialAction":[{"@type":"ReadAction","target":["https:\/\/solymarhoteles.com\/producto\/eterno-mediterraneo-2-personas\/"]}]},{"@type":"BreadcrumbList","@id":"https:\/\/solymarhoteles.com\/producto\/eterno-mediterraneo-2-personas\/#breadcrumb","itemListElement":[{"@type":"ListItem","position":1,"name":"Portada","item":"https:\/\/solymarhoteles.com\/"},{"@type":"ListItem","position":2,"name":"Productos","item":"https:\/\/solymarhoteles.com\/?page_id=659"},{"@type":"ListItem","position":3,"name":"Eterno Mediterr\u00e1neo (2 personas)"}]}]}},"_links":{"self":[{"href":"https:\/\/solymarhoteles.com\/de\/wp-json\/wp\/v2\/product\/4788"}],"collection":[{"href":"https:\/\/solymarhoteles.com\/de\/wp-json\/wp\/v2\/product"}],"about":[{"href":"https:\/\/solymarhoteles.com\/de\/wp-json\/wp\/v2\/types\/product"}],"wp:featuredmedia":[{"embeddable":true,"href":"https:\/\/solymarhoteles.com\/de\/wp-json\/wp\/v2\/media\/4897"}],"wp:attachment":[{"href":"https:\/\/solymarhoteles.com\/de\/wp-json\/wp\/v2\/media?parent=4788"}],"wp:term":[{"taxonomy":"product_cat","embeddable":true,"href":"https:\/\/solymarhoteles.com\/de\/wp-json\/wp\/v2\/product_cat?post=4788"},{"taxonomy":"product_tag","embeddable":true,"href":"https:\/\/solymarhoteles.com\/de\/wp-json\/wp\/v2\/product_tag?post=4788"}],"curies":[{"name":"wp","href":"https:\/\/api.w.org\/{rel}","templated":true}]}}